{"id":19,"date":"2018-04-04T05:42:48","date_gmt":"2018-04-04T05:42:48","guid":{"rendered":"http:\/\/haus-weda.de\/?page_id=19"},"modified":"2023-04-10T13:31:53","modified_gmt":"2023-04-10T13:31:53","slug":"unsere-wohnungen","status":"publish","type":"page","link":"https:\/\/haus-weda.de\/?page_id=19","title":{"rendered":"Unsere Wohnungen"},"content":{"rendered":"<div id=\"summary\" class=\"\" data-et-mouseenter=\"customGoal:BUeeZdbaBOdUfTXNVO:1 customGoal:BUeePYUQdLPSKPGeeUZC:1\" data-et-click=\"customGoal:BUeeZdbaBOdUfTXNVO:2 customGoal:BUeePYUQdLPSKPGeeUZC:2\">\n<p>Beide Ferienwohnungen verf\u00fcgen \u00fcber eine voll ausgestattete K\u00fcche mit einer Kaffeemaschine, einem Wasserkocher, K\u00fchlschrank mit Gefrierfach, Geschirrsp\u00fcler, Herd mit 4 Ceranfelder und Backofen, Toaster, Eierkocher, elektr. Dosen\u00f6ffner sowie einer Mikrowelle. K\u00fcchent\u00fccher, Schwamm bzw. Sp\u00fclb\u00fcrste, Sp\u00fcli, Scheuermilch, Sp\u00fclmaschinentabs, Filtert\u00fcten, gemahlener Kaffee, Teebeutel, Zucker, S\u00fc\u00dfstoff, Kondensmilch, Salz und Pfeffer sind vorhanden.<\/p>\n<p>Eine Bettcouch und Sat-TV sind ebenfalls vorhanden. Gutes WLAN ist vorhanden.<\/p>\n<p>Die Betten sind fertig bezogen, ein Kleiderschrank ist auch vorhanden.<\/p>\n<\/div>\n<p>Im Badezimmer befinden sich Hand- und Duscht\u00fccher, fl\u00fcssige Seife und Toilettenpapier<\/p>\n<div id=\"summary\" class=\"\" data-et-mouseenter=\"customGoal:BUeeZdbaBOdUfTXNVO:1 customGoal:BUeePYUQdLPSKPGeeUZC:1\" data-et-click=\"customGoal:BUeeZdbaBOdUfTXNVO:2 customGoal:BUeePYUQdLPSKPGeeUZC:2\">\n<p>Die Apartments befinden sich 200 m von einem Restaurant und 2 km von der Nordseek\u00fcste entfernt, wo Sie ein weiteres Restaurant, einen Kiosk, den Campingplatz, einen Spielplatz und den Trockenstrand mit Strandk\u00f6rben, Beachvolleyballfeldern und Kiosk mit Eis-, Snack- und Kaffeeausschank mit Sitzgruppen finden.<\/p>\n<p>Im Aussenbereich ist an der Liege- und Spielwiese ein Grillplatz. Die Au\u00dfensauna kann gegen eine Kostenbeteiligung von pauschal 20,&#8211; \u20ac f\u00fcr 3 Stunden genutzt werden.<\/p>\n<p>Der beheizte Pool (9 x 5 x 1,50 m), auf dem Grundst\u00fcck der Haus Nr. 8, der wetterabh\u00e4ngig \u00fcberdacht oder offen ist, kann nach Anmeldung von April &#8211; Oktober gegen eine Geb\u00fchr von 4,&#8211; \u20ac pro erw. Person und 2,&#8211; \u20ac pro Kind genutzt werden. Schwimmhilfen und Wasserspielsachen sind vorhanden, die Sonnenliegen auf der Rasenfl\u00e4che k\u00f6nnen ebenfalls genutzt werden.<\/p>\n<p>Einkaufen k\u00f6nnen Sie im 5 km entfernten Pewsum, wo sich auch 2 Tankstellen, 2 Banken mit Geldautomaten, Friseure, B\u00e4ckereien, Eisdielen und Restaurants befinden.<\/p>\n<p>Die Parkpl\u00e4tze an der Unterkunft nutzen Sie kostenfrei. Die Bushaltestelle Upleward liegt 250 m entfernt und es sind 14 km vom Bahnhof Emden.<\/p>\n<\/div>\n<p class=\"hp-desc-review-highlight\">\n","protected":false},"excerpt":{"rendered":"<p>Beide Ferienwohnungen verf\u00fcgen \u00fcber eine voll ausgestattete K\u00fcche mit einer Kaffeemaschine, einem Wasserkocher, K\u00fchlschrank mit Gefrierfach, Geschirrsp\u00fcler, Herd mit 4 Ceranfelder und Backofen, Toaster, Eierkocher, elektr. Dosen\u00f6ffner sowie einer Mikrowelle. K\u00fcchent\u00fccher, Schwamm bzw. Sp\u00fclb\u00fcrste, Sp\u00fcli, Scheuermilch, Sp\u00fclmaschinentabs, Filtert\u00fcten, gemahlener Kaffee, Teebeutel, Zucker, S\u00fc\u00dfstoff, Kondensmilch, Salz und Pfeffer sind vorhanden. Eine Bettcouch und Sat-TV sind ebenfalls &hellip; <a href=\"https:\/\/haus-weda.de\/?page_id=19\" class=\"more-link\"><span class=\"screen-reader-text\">Unsere Wohnungen<\/span> weiterlesen <span class=\"meta-nav\">&rarr;<\/span><\/a><\/p>\n","protected":false},"author":1,"featured_media":0,"parent":0,"menu_order":2,"comment_status":"closed","ping_status":"closed","template":"","meta":{"footnotes":""},"class_list":["post-19","page","type-page","status-publish","hentry"],"jetpack_sharing_enabled":true,"_links":{"self":[{"href":"https:\/\/haus-weda.de\/index.php?rest_route=\/wp\/v2\/pages\/19","targetHints":{"allow":["GET"]}}],"collection":[{"href":"https:\/\/haus-weda.de\/index.php?rest_route=\/wp\/v2\/pages"}],"about":[{"href":"https:\/\/haus-weda.de\/index.php?rest_route=\/wp\/v2\/types\/page"}],"author":[{"embeddable":true,"href":"https:\/\/haus-weda.de\/index.php?rest_route=\/wp\/v2\/users\/1"}],"replies":[{"embeddable":true,"href":"https:\/\/haus-weda.de\/index.php?rest_route=%2Fwp%2Fv2%2Fcomments&post=19"}],"version-history":[{"count":7,"href":"https:\/\/haus-weda.de\/index.php?rest_route=\/wp\/v2\/pages\/19\/revisions"}],"predecessor-version":[{"id":323,"href":"https:\/\/haus-weda.de\/index.php?rest_route=\/wp\/v2\/pages\/19\/revisions\/323"}],"wp:attachment":[{"href":"https:\/\/haus-weda.de\/index.php?rest_route=%2Fwp%2Fv2%2Fmedia&parent=19"}],"curies":[{"name":"wp","href":"https:\/\/api.w.org\/{rel}","templated":true}]}}