{"id":21,"date":"2018-04-04T05:43:27","date_gmt":"2018-04-04T05:43:27","guid":{"rendered":"http:\/\/haus-weda.de\/?page_id=21"},"modified":"2025-01-18T12:44:28","modified_gmt":"2025-01-18T12:44:28","slug":"wohnung-1","status":"publish","type":"page","link":"https:\/\/haus-weda.de\/?page_id=21","title":{"rendered":"Wohnung 1 (Studio- Appartement)"},"content":{"rendered":"<p><span style=\"font-size: medium;\"><b><img loading=\"lazy\" decoding=\"async\" class=\"alignnone size-medium wp-image-123\" src=\"http:\/\/haus-weda.de\/wp-content\/uploads\/2018\/08\/strassenansicht-300x225.jpg\" alt=\"\" width=\"300\" height=\"225\" \/> <img loading=\"lazy\" decoding=\"async\" class=\"alignnone size-medium wp-image-122\" src=\"http:\/\/haus-weda.de\/wp-content\/uploads\/2018\/08\/Seitenansicht-300x225.jpg\" alt=\"\" width=\"300\" height=\"225\" \/><img loading=\"lazy\" decoding=\"async\" class=\"alignnone size-medium wp-image-69\" src=\"http:\/\/haus-weda.de\/wp-content\/uploads\/2018\/08\/WI-Ferns-300x170.jpg\" alt=\"\" width=\"300\" height=\"170\" \/> <img loading=\"lazy\" decoding=\"async\" class=\"alignnone size-medium wp-image-70\" src=\"http:\/\/haus-weda.de\/wp-content\/uploads\/2018\/08\/WI-ApCouch-170x300.jpg\" alt=\"\" width=\"170\" height=\"300\" \/> <\/b><\/span><span style=\"font-size: medium;\"><b><img loading=\"lazy\" decoding=\"async\" class=\"alignnone size-medium wp-image-65\" src=\"http:\/\/haus-weda.de\/wp-content\/uploads\/2018\/08\/WI-Essen-170x300.jpg\" alt=\"\" width=\"170\" height=\"300\" \/><\/b><\/span><b> <\/b><span style=\"font-size: medium;\"><b><img loading=\"lazy\" decoding=\"async\" class=\"alignnone size-medium wp-image-68\" src=\"http:\/\/haus-weda.de\/wp-content\/uploads\/2018\/08\/47917537.jpg\" alt=\"\" width=\"150\" height=\"150\" srcset=\"https:\/\/haus-weda.de\/wp-content\/uploads\/2018\/08\/47917537.jpg 150w, https:\/\/haus-weda.de\/wp-content\/uploads\/2018\/08\/47917537-100x100.jpg 100w\" sizes=\"auto, (max-width: 150px) 100vw, 150px\" \/><\/b><\/span><span style=\"font-size: medium;\"><b><img loading=\"lazy\" decoding=\"async\" class=\"alignnone size-medium wp-image-67\" src=\"http:\/\/haus-weda.de\/wp-content\/uploads\/2018\/08\/Bad-m.-Dusche-300x225.jpg\" alt=\"\" width=\"300\" height=\"225\" \/><\/b><\/span><span style=\"font-size: medium;\"><b><img loading=\"lazy\" decoding=\"async\" class=\"alignnone size-full wp-image-64\" src=\"http:\/\/haus-weda.de\/wp-content\/uploads\/2018\/08\/47917423.jpg\" alt=\"\" width=\"150\" height=\"150\" \/><\/b><\/span><span style=\"font-size: medium;\"><b> <img loading=\"lazy\" decoding=\"async\" class=\"alignnone size-medium wp-image-66\" src=\"http:\/\/haus-weda.de\/wp-content\/uploads\/2018\/08\/Bad-m.-Wanne-300x225.jpg\" alt=\"\" width=\"300\" height=\"225\" \/>\u00a0 <\/b><\/span><span style=\"font-size: medium;\"><b><img loading=\"lazy\" decoding=\"async\" class=\"alignnone size-medium wp-image-125\" src=\"http:\/\/haus-weda.de\/wp-content\/uploads\/2018\/08\/auensauna-1-300x225.jpg\" alt=\"\" width=\"300\" height=\"225\" srcset=\"https:\/\/haus-weda.de\/wp-content\/uploads\/2018\/08\/auensauna-1-300x225.jpg 300w, https:\/\/haus-weda.de\/wp-content\/uploads\/2018\/08\/auensauna-1-768x576.jpg 768w, https:\/\/haus-weda.de\/wp-content\/uploads\/2018\/08\/auensauna-1-700x525.jpg 700w, https:\/\/haus-weda.de\/wp-content\/uploads\/2018\/08\/auensauna-1.jpg 800w, https:\/\/haus-weda.de\/wp-content\/uploads\/2018\/08\/auensauna-1-533x400.jpg 533w\" sizes=\"auto, (max-width: 300px) 100vw, 300px\" \/><img loading=\"lazy\" decoding=\"async\" class=\"alignnone size-medium wp-image-62\" src=\"http:\/\/haus-weda.de\/wp-content\/uploads\/2018\/08\/Sauna-innen-300x225.jpg\" alt=\"\" width=\"300\" height=\"225\" \/><\/b><\/span><span style=\"font-size: medium;\"><b><img loading=\"lazy\" decoding=\"async\" class=\"alignnone size-medium wp-image-121\" src=\"http:\/\/haus-weda.de\/wp-content\/uploads\/2018\/08\/sauna-225x300.jpg\" alt=\"\" width=\"225\" height=\"300\" srcset=\"https:\/\/haus-weda.de\/wp-content\/uploads\/2018\/08\/sauna-225x300.jpg 225w, https:\/\/haus-weda.de\/wp-content\/uploads\/2018\/08\/sauna-768x1024.jpg 768w, https:\/\/haus-weda.de\/wp-content\/uploads\/2018\/08\/sauna-700x933.jpg 700w, https:\/\/haus-weda.de\/wp-content\/uploads\/2018\/08\/sauna-300x400.jpg 300w, https:\/\/haus-weda.de\/wp-content\/uploads\/2018\/08\/sauna.jpg 800w\" sizes=\"auto, (max-width: 225px) 100vw, 225px\" \/><\/b><\/span><b> <\/b><span style=\"font-size: medium;\"><b><img loading=\"lazy\" decoding=\"async\" class=\"alignnone size-medium wp-image-136\" src=\"http:\/\/haus-weda.de\/wp-content\/uploads\/2018\/08\/grillplatz-u.-sitzgruppe-300x225.jpg\" alt=\"\" width=\"300\" height=\"225\" srcset=\"https:\/\/haus-weda.de\/wp-content\/uploads\/2018\/08\/grillplatz-u.-sitzgruppe-300x225.jpg 300w, https:\/\/haus-weda.de\/wp-content\/uploads\/2018\/08\/grillplatz-u.-sitzgruppe-768x576.jpg 768w, https:\/\/haus-weda.de\/wp-content\/uploads\/2018\/08\/grillplatz-u.-sitzgruppe-700x525.jpg 700w, https:\/\/haus-weda.de\/wp-content\/uploads\/2018\/08\/grillplatz-u.-sitzgruppe.jpg 800w, https:\/\/haus-weda.de\/wp-content\/uploads\/2018\/08\/grillplatz-u.-sitzgruppe-533x400.jpg 533w\" sizes=\"auto, (max-width: 300px) 100vw, 300px\" \/> <img loading=\"lazy\" decoding=\"async\" class=\"alignnone size-medium wp-image-135\" src=\"http:\/\/haus-weda.de\/wp-content\/uploads\/2018\/08\/gartenlaube-1-300x225.jpg\" alt=\"\" width=\"300\" height=\"225\" srcset=\"https:\/\/haus-weda.de\/wp-content\/uploads\/2018\/08\/gartenlaube-1-300x225.jpg 300w, https:\/\/haus-weda.de\/wp-content\/uploads\/2018\/08\/gartenlaube-1-768x576.jpg 768w, https:\/\/haus-weda.de\/wp-content\/uploads\/2018\/08\/gartenlaube-1-700x525.jpg 700w, https:\/\/haus-weda.de\/wp-content\/uploads\/2018\/08\/gartenlaube-1.jpg 800w, https:\/\/haus-weda.de\/wp-content\/uploads\/2018\/08\/gartenlaube-1-533x400.jpg 533w\" sizes=\"auto, (max-width: 300px) 100vw, 300px\" \/><\/b><\/span><span style=\"font-size: medium;\"><b><img loading=\"lazy\" decoding=\"async\" class=\"alignnone size-medium wp-image-113\" src=\"http:\/\/haus-weda.de\/wp-content\/uploads\/2018\/08\/bootsfahrt6-225x300.jpg\" alt=\"\" width=\"225\" height=\"300\" \/><\/b><\/span><span style=\"font-size: medium;\"><b> <img loading=\"lazy\" decoding=\"async\" class=\"alignnone size-medium wp-image-109\" src=\"http:\/\/haus-weda.de\/wp-content\/uploads\/2018\/08\/bootsfahrt2-225x300.jpg\" alt=\"\" width=\"225\" height=\"300\" \/><\/b><\/span><span style=\"font-size: medium;\"><b>\u00a0 <img loading=\"lazy\" decoding=\"async\" class=\"alignnone size-medium wp-image-54\" src=\"http:\/\/haus-weda.de\/wp-content\/uploads\/2018\/08\/2016-05-01-17.15.52-300x170.jpg\" alt=\"\" width=\"300\" height=\"170\" srcset=\"https:\/\/haus-weda.de\/wp-content\/uploads\/2018\/08\/2016-05-01-17.15.52-300x170.jpg 300w, https:\/\/haus-weda.de\/wp-content\/uploads\/2018\/08\/2016-05-01-17.15.52-768x434.jpg 768w, https:\/\/haus-weda.de\/wp-content\/uploads\/2018\/08\/2016-05-01-17.15.52-1024x579.jpg 1024w, https:\/\/haus-weda.de\/wp-content\/uploads\/2018\/08\/2016-05-01-17.15.52-700x396.jpg 700w, https:\/\/haus-weda.de\/wp-content\/uploads\/2018\/08\/2016-05-01-17.15.52-2000x1131.jpg 2000w, https:\/\/haus-weda.de\/wp-content\/uploads\/2018\/08\/2016-05-01-17.15.52-707x400.jpg 707w\" sizes=\"auto, (max-width: 300px) 100vw, 300px\" \/> <img loading=\"lazy\" decoding=\"async\" class=\"alignnone size-medium wp-image-53\" src=\"http:\/\/haus-weda.de\/wp-content\/uploads\/2018\/08\/2016-05-01-17.16.46-170x300.jpg\" alt=\"\" width=\"170\" height=\"300\" srcset=\"https:\/\/haus-weda.de\/wp-content\/uploads\/2018\/08\/2016-05-01-17.16.46-170x300.jpg 170w, https:\/\/haus-weda.de\/wp-content\/uploads\/2018\/08\/2016-05-01-17.16.46-768x1358.jpg 768w, https:\/\/haus-weda.de\/wp-content\/uploads\/2018\/08\/2016-05-01-17.16.46-579x1024.jpg 579w, https:\/\/haus-weda.de\/wp-content\/uploads\/2018\/08\/2016-05-01-17.16.46-700x1238.jpg 700w, https:\/\/haus-weda.de\/wp-content\/uploads\/2018\/08\/2016-05-01-17.16.46-226x400.jpg 226w, https:\/\/haus-weda.de\/wp-content\/uploads\/2018\/08\/2016-05-01-17.16.46.jpg 1520w\" sizes=\"auto, (max-width: 170px) 100vw, 170px\" \/>Das Wohn-\/Schlafzimmer<\/b><\/span> ist ausgestattet mit einem Boxspringbett (1,80 x 2,00), einem Kleiderschrank, einer Eck-\/Schlafcouch mit Tisch und gro\u00dfem Flachbildfernseher. Informationsmaterial \u00fcber die Ausflugsm\u00f6glichkeiten und Veranstaltungen ist auch hier hinterlegt.<\/p>\n<p><span style=\"font-size: medium;\"><b>Die K\u00fcche<\/b><\/span> ist voll ausgestattet einschl. Geschirrsp\u00fclmaschine mit Reinigertabs, 4 Cerankochstellen, Backofen, Mikrowelle, Hei\u00dfwasserger\u00e4t, Kaffeemaschine incl. Filtert\u00fcten und Kaffee, Eierkocher, Toaster und Stabmixer. Geschirrhandt\u00fccher, K\u00fcchenpapier und Sp\u00fclmittel sind ebenfalls vorhanden. In diesem Raum steht auch ein Esstisch mit 4 St\u00fchlen. Ein Radio steht hier auch zur Benutzung bereit.<\/p>\n<p><span style=\"font-size: medium;\"><b>Im Tageslichtbad<\/b><\/span> mit WC, Badewanne und Dusche sind Toilettenpapier, Hand- und Badet\u00fccher bereitgelegt.<\/p>\n<p>Preise: 50,00\u20ac pro Nacht, plus einmalig Servicegeb\u00fchr 75,00\u20ac, plus Kurtaxe<\/p>\n","protected":false},"excerpt":{"rendered":"<p>\u00a0 \u00a0 Das Wohn-\/Schlafzimmer ist ausgestattet mit einem Boxspringbett (1,80 x 2,00), einem Kleiderschrank, einer Eck-\/Schlafcouch mit Tisch und gro\u00dfem Flachbildfernseher. Informationsmaterial \u00fcber die Ausflugsm\u00f6glichkeiten und Veranstaltungen ist auch hier hinterlegt. Die K\u00fcche ist voll ausgestattet einschl. Geschirrsp\u00fclmaschine mit Reinigertabs, 4 Cerankochstellen, Backofen, Mikrowelle, Hei\u00dfwasserger\u00e4t, Kaffeemaschine incl. Filtert\u00fcten und Kaffee, Eierkocher, Toaster und Stabmixer. Geschirrhandt\u00fccher, &hellip; <a href=\"https:\/\/haus-weda.de\/?page_id=21\" class=\"more-link\"><span class=\"screen-reader-text\">Wohnung 1 (Studio- Appartement)<\/span> weiterlesen <span class=\"meta-nav\">&rarr;<\/span><\/a><\/p>\n","protected":false},"author":1,"featured_media":0,"parent":19,"menu_order":0,"comment_status":"closed","ping_status":"closed","template":"","meta":{"footnotes":""},"class_list":["post-21","page","type-page","status-publish","hentry"],"jetpack_sharing_enabled":true,"_links":{"self":[{"href":"https:\/\/haus-weda.de\/index.php?rest_route=\/wp\/v2\/pages\/21","targetHints":{"allow":["GET"]}}],"collection":[{"href":"https:\/\/haus-weda.de\/index.php?rest_route=\/wp\/v2\/pages"}],"about":[{"href":"https:\/\/haus-weda.de\/index.php?rest_route=\/wp\/v2\/types\/page"}],"author":[{"embeddable":true,"href":"https:\/\/haus-weda.de\/index.php?rest_route=\/wp\/v2\/users\/1"}],"replies":[{"embeddable":true,"href":"https:\/\/haus-weda.de\/index.php?rest_route=%2Fwp%2Fv2%2Fcomments&post=21"}],"version-history":[{"count":9,"href":"https:\/\/haus-weda.de\/index.php?rest_route=\/wp\/v2\/pages\/21\/revisions"}],"predecessor-version":[{"id":325,"href":"https:\/\/haus-weda.de\/index.php?rest_route=\/wp\/v2\/pages\/21\/revisions\/325"}],"up":[{"embeddable":true,"href":"https:\/\/haus-weda.de\/index.php?rest_route=\/wp\/v2\/pages\/19"}],"wp:attachment":[{"href":"https:\/\/haus-weda.de\/index.php?rest_route=%2Fwp%2Fv2%2Fmedia&parent=21"}],"curies":[{"name":"wp","href":"https:\/\/api.w.org\/{rel}","templated":true}]}}